{"id":249,"date":"2019-02-04T16:45:39","date_gmt":"2019-02-04T16:45:39","guid":{"rendered":"https:\/\/cortgn.wordpress.com\/?page_id=249"},"modified":"2025-06-17T20:05:17","modified_gmt":"2025-06-17T20:05:17","slug":"transparencia","status":"publish","type":"page","link":"https:\/\/comitesromero.org\/cortgn\/transparencia\/","title":{"rendered":"TRANSPARENCIA"},"content":{"rendered":"\n<p><strong>Mem\u00f2ria Social<\/strong><\/p>\n\n\n\n<p><a href=\"https:\/\/comitesromero.org\/cortgn\/wp-content\/uploads\/2025\/06\/Memoria-social-COR-2024.pdf\">Mem\u00f2ria Social 2024<\/a><\/p>\n\n\n\n<p><a href=\"https:\/\/comitesromero.org\/cortgn\/wp-content\/uploads\/2024\/04\/Memoria-social-COR-2023-1.pdf\">Mem\u00f2ria Social 2023<\/a><\/p>\n\n\n\n<p><a href=\"https:\/\/comitesromero.org\/cortgn\/wp-content\/uploads\/2023\/04\/Memoria-social-COR_2022_REV_IMP-1.pdf\">Mem\u00f2ria Social 2022<\/a><\/p>\n\n\n\n<p><a href=\"https:\/\/comitesromero.org\/cortgn\/wp-content\/uploads\/2022\/04\/Memoria-social-COR-2021-1.pdf\">Mem\u00f2ria Social 2021<\/a><\/p>\n\n\n\n<p><a href=\"https:\/\/comitesromero.org\/cortgn\/wp-content\/uploads\/2022\/04\/Memoria-social-COR-2021-1.pdf\">Mem\u00f2ria Social 2021<\/a><\/p>\n\n\n<p><a style=\"pointer-events: none;\" title=\"Mem\u00f2riaSocial COR_2020\" href=\"https:\/\/comitesromero.org\/cortgn\/wp-content\/uploads\/2021\/04\/memoria-social-COR_final_Diputaciol-1.pdf\">Mem\u00f2ria Social 2020<\/a><\/p>\n<p><a style=\"pointer-events: none;\" title=\"Mem\u00f2riaSocial COR_2019\" href=\"https:\/\/cortgn.files.wordpress.com\/2020\/04\/memc3b2riasocial-cor_2019.pdf\">Mem\u00f2ria Social 2019<\/a><\/p>\n<p><a style=\"pointer-events: none;\" title=\"Mem\u00f2ria 2018 final\" href=\"https:\/\/cortgn.files.wordpress.com\/2019\/05\/memc3b2ria-2018-final-1.pdf\">Mem\u00f2ria Social 2018<\/a><\/p>\n<p><a style=\"pointer-events: none;\" title=\"Mem\u00f2ria social_2017\" href=\"https:\/\/cortgn.files.wordpress.com\/2019\/02\/memc3b2ria-social_2017.pdf\">Mem\u00f2ria social_2017<\/a><\/p>\n<p><a style=\"pointer-events: none;\" title=\"memoria2016\" href=\"https:\/\/cortgn.files.wordpress.com\/2020\/04\/memoria2016.pdf\">memoria social 2016<\/a><\/p>\n<p><a style=\"pointer-events: none;\" title=\"memoria2015\" href=\"https:\/\/cortgn.files.wordpress.com\/2020\/04\/memoria2015.pdf\">memoria social 2015<\/a><\/p>\n<p><a style=\"pointer-events: none;\" title=\"memoria2014\" href=\"https:\/\/cortgn.files.wordpress.com\/2020\/04\/memoria2014.pdf\">memoria social 2014<\/a><\/p>\n<p><a style=\"pointer-events: none;\" title=\"memoria2013\" href=\"https:\/\/cortgn.files.wordpress.com\/2020\/04\/memoria2013.pdf\">memoria social 2013<\/a><\/p>\n<p><a style=\"pointer-events: none;\" title=\"memoria2012\" href=\"https:\/\/cortgn.files.wordpress.com\/2020\/04\/memoria2012.pdf\">memoria social 2012<\/a><\/p>\n<p><a style=\"pointer-events: none;\" title=\"memoria2011\" href=\"https:\/\/cortgn.files.wordpress.com\/2020\/04\/memoria2011.pdf\">memoria social 2011<\/a><\/p>\n<\/p>\n<p><strong>Memoria econ\u00f3mica&nbsp;<\/strong><\/p>\n<p><a href=\"https:\/\/comitesromero.org\/cortgn\/wp-content\/uploads\/2025\/03\/PiG-2024.pdf\">P\u00e9rdidas y Ganancias 2024<\/a><\/p>\n<p><a href=\"https:\/\/comitesromero.org\/cortgn\/wp-content\/uploads\/2024\/05\/Perdues-i-Guanys-2023.pdf\" data-rich-text-format-boundary=\"true\">P\u00e9rdidas y Ganancias 2023<\/a><\/p>\n<p><a href=\"https:\/\/comitesromero.org\/cortgn\/wp-content\/uploads\/2023\/04\/PiG-2022.pdf\" data-rich-text-format-boundary=\"true\">P\u00e9rdidas y Ganancias 2022<\/a><\/p>\n<p><a href=\"https:\/\/comitesromero.org\/cortgn\/wp-content\/uploads\/2023\/04\/PiG-2022.pdf\" data-rich-text-format-boundary=\"true\">P\u00e9rdidas y Ganancias 2022<\/a><\/p>\n<p><a style=\"pointer-events: none;\" href=\"https:\/\/comitesromero.org\/cortgn\/wp-content\/uploads\/2022\/07\/8.-Perdues-i-Guanys-2021_COR.pdf\">P\u00e9rdidas y Ganancias 2021<\/a><\/p>\n<p><a style=\"pointer-events: none;\" href=\"https:\/\/comitesromero.org\/cortgn\/wp-content\/uploads\/2021\/05\/Perdidas-y-Ganancias-2020.pdf\">P\u00e9rdidas y Ganancias 2020<\/a><\/p>\n<p><a style=\"pointer-events: none;\" title=\"PiG\" href=\"https:\/\/cortgn.files.wordpress.com\/2020\/04\/pig.pdf\">P\u00e9rdidas y Ganancias 2019<\/a><\/p>\n<p><a style=\"pointer-events: none;\" title=\"Cuentas anuales (Pe\u0301rdidas y Ganancias) Modelo comparativo\" href=\"https:\/\/cortgn.files.wordpress.com\/2019\/05\/cuentas-anuales-pecc81rdidas-y-ganancias-modelo-comparativo.pdf\">P\u00e9rdidas y Ganancias 2018<\/a><\/p>\n<p><a style=\"pointer-events: none;\" title=\"P\u00e9rdidas y Ganancias 2017\" href=\"https:\/\/cortgn.files.wordpress.com\/2019\/02\/pc3a9rdidas-y-ganancias-2017.pdf\">P\u00e9rdidas y Ganancias 2019<\/a><\/p>\n\n\n<p><\/p>\n\n\n\n<p><\/p>\n\n\n\n<p><\/p>\n\n\n\n<p><\/p>\n\n\n\n<p><\/p>\n","protected":false},"excerpt":{"rendered":"<p>Mem\u00f2ria Social Mem\u00f2ria Social 2024 Mem\u00f2ria Social 2023 Mem\u00f2ria Social 2022 Mem\u00f2ria Social 2021 Mem\u00f2ria Social 2021 Mem\u00f2ria Social 2020 Mem\u00f2ria Social 2019 Mem\u00f2ria Social 2018 Mem\u00f2ria social_2017 memoria social 2016 memoria social 2015 memoria social 2014 memoria social 2013 memoria social 2012 memoria social 2011 Memoria econ\u00f3mica&nbsp; P\u00e9rdidas y Ganancias 2024 P\u00e9rdidas y Ganancias&hellip; <a href=\"https:\/\/comitesromero.org\/cortgn\/transparencia\/\" class=\"more-link\">Seguir leyendo <span class=\"screen-reader-text\">TRANSPARENCIA<\/span><\/a><\/p>\n","protected":false},"author":1,"featured_media":0,"parent":0,"menu_order":0,"comment_status":"closed","ping_status":"closed","template":"","meta":{"footnotes":""},"class_list":["post-249","page","type-page","status-publish","hentry","without-featured-image"],"_links":{"self":[{"href":"https:\/\/comitesromero.org\/cortgn\/wp-json\/wp\/v2\/pages\/249","targetHints":{"allow":["GET"]}}],"collection":[{"href":"https:\/\/comitesromero.org\/cortgn\/wp-json\/wp\/v2\/pages"}],"about":[{"href":"https:\/\/comitesromero.org\/cortgn\/wp-json\/wp\/v2\/types\/page"}],"author":[{"embeddable":true,"href":"https:\/\/comitesromero.org\/cortgn\/wp-json\/wp\/v2\/users\/1"}],"replies":[{"embeddable":true,"href":"https:\/\/comitesromero.org\/cortgn\/wp-json\/wp\/v2\/comments?post=249"}],"version-history":[{"count":29,"href":"https:\/\/comitesromero.org\/cortgn\/wp-json\/wp\/v2\/pages\/249\/revisions"}],"predecessor-version":[{"id":1732,"href":"https:\/\/comitesromero.org\/cortgn\/wp-json\/wp\/v2\/pages\/249\/revisions\/1732"}],"wp:attachment":[{"href":"https:\/\/comitesromero.org\/cortgn\/wp-json\/wp\/v2\/media?parent=249"}],"curies":[{"name":"wp","href":"https:\/\/api.w.org\/{rel}","templated":true}]}}