{"id":32,"date":"2018-01-31T09:59:12","date_gmt":"2018-01-31T09:59:12","guid":{"rendered":"https:\/\/cortgn.wordpress.com\/?page_id=23"},"modified":"2023-11-07T17:20:08","modified_gmt":"2023-11-07T17:20:08","slug":"programa-de-beques","status":"publish","type":"page","link":"https:\/\/comitesromero.org\/cortgn\/programa-de-beques\/","title":{"rendered":"\u00bfQu\u00e9 son los Comit\u00e9s \u00d3scar Romero?"},"content":{"rendered":"<table class=\"tablefont\" border=\"0\" width=\"100%\">\n<tbody>\n<tr>\n<td bgcolor=\"#effcbf\"><strong>Monse\u00f1or \u00d3scar Romero<\/strong>, obispo de San Salvador, fue asesinado el 24 de marzo de 1980. El martirio, al que no fueron ajenos los poderosos de su pa\u00eds, fue la consecuencia de su denuncia prof\u00e9tica y su compromiso con los pobres.<br \/>A partir de esa fecha van surgiendo, en todo el mundo, Comit\u00e9s de solidaridad que llevan su nombre. Desarrollamos su compromiso con fidelidad a la memoria y la causa de Romero.<\/td>\n<\/tr>\n<\/tbody>\n<\/table>\n<table class=\"tablefont\" border=\"0\" width=\"100%\">\n<tbody>\n<tr>\n<td bgcolor=\"#effcbf\">En Europa los Comit\u00e9s \u00d3scar Romero se unen en una<strong> Coordinadora Europea, <\/strong>cuya Secretar\u00eda es desempe\u00f1ada, rotativamente, por un Comit\u00e9. Esta Coordinadora forma parte del Servicio Internacional Cristiano de Solidaridad con los pueblos de Am\u00e9rica Latina (SICSAL) con sede en Nicaragua.<\/p>\n<ul>\n<li>Nos unimos para trabajar en com\u00fan, inspirados en valores de justicia, solidaridad y fraternidad cristiana.<\/li>\n<li>Entendemos nuestra labor como un acompa\u00f1amiento a los pueblos y personas en lucha por su dignidad, su cultura y su liberaci\u00f3n.<\/li>\n<li>Optamos por la vida de todo ser humano y esto nos lleva a una solidaridad activa con todas las personas empobrecidas.<\/li>\n<\/ul>\n<\/td>\n<\/tr>\n<\/tbody>\n<\/table>\n<table class=\"tablefont\" border=\"0\" width=\"100%\">\n<tbody>\n<tr>\n<td bgcolor=\"#effcbf\"><strong>La solidaridad<\/strong> la entendemos como un proceso de ida y vuelta, una relaci\u00f3n entre hermanos y hermanas, que hace cuestionarnos nuestras vidas, nuestras estructuras sociales injustas, nuestro ser, nuestro estar en la Iglesia y en el mundo.<\/td>\n<\/tr>\n<\/tbody>\n<\/table>\n<table class=\"tablefont\" border=\"0\" width=\"100%\">\n<tbody>\n<tr>\n<td bgcolor=\"#effcbf\"><strong>Tratamos llevar a cabo nuestro compromiso<\/strong><\/p>\n<ul>\n<li>Sensibiliz\u00e1ndonos a nosotros mismos y sensibilizando a los que nos rodean para cambiar la realidad m\u00e1s pr\u00f3xima.<\/li>\n<li>Facilitando la comunicaci\u00f3n entre las Comunidades cristianas de cada pueblo para enriquecernos mutuamente.<\/li>\n<li>Denunciando las violaciones de Derechos Humanos y dando respuesta a los acontecimientos importantes que van surgiendo en la realidad de Latinoam\u00e9rica de la forma m\u00e1s adecuada a cada momento.<\/li>\n<li>Colaborando en peque\u00f1os proyectos que despierten la conciencia solidaria, que favorezca la organizaci\u00f3n popular y que contemplen mecanismos de autofinanciaci\u00f3n.<\/li>\n<\/ul>\n<\/td>\n<\/tr>\n<\/tbody>\n<\/table>\n<table class=\"tablefont\" border=\"0\" width=\"100%\">\n<tbody>\n<tr>\n<td bgcolor=\"#effcbf\">\n<p>En Tarragona, el <strong>Comit\u00e8 de Solidaritat \u00d3scar Romero de Tarragona i Reus<\/strong> fu\u00e9 fundado por Paco Xammar, S.J. en 1980 (https:\/\/infosj.es\/vida-en-compania\/14034-dignidad-y-compromiso-en-la-trayectoria-de-francesc-xammar-sj), pocos meses despu\u00e9s del asesinato de San \u00d3scar Romero. Actualmente lo componen una veintena de voluntarios\/as que participamos en los diferentes proyectos y actividades expuestas en esta web. Nos reunimos en sesi\u00f3n plenaria los terceros lunes de cada mes. Adem\u00e1s, contamos con unos ochenta socios\/as y colaboradores\/as que contribuyen con sus aportaciones econ\u00f3micas.<\/p>\n<p><strong>Misi\u00f3n<\/strong><\/p>\n<p>El Comit\u00e9 \u00d3scar Romero de Tarragona y Reus somos un grupo de personas voluntarias que, siguiendo las huellas de Mons. Romero, queremos dar testimonio de que un mundo mejor es posible.<br \/>Desde las comarcas del sur de Catalu\u00f1a, trabajamos a la vez la concienciaci\u00f3n en nuestro pa\u00eds y los proyectos para el desarrollo personal y social de las poblaciones de Am\u00e9rica Latina.<\/p>\n<p><strong>Visi\u00f3n<\/strong><\/p>\n<p>Queremos contribuir a humanizar nuestro mundo, concienzando y comprometiendo a las personas de nuestro entorno hacia la justicia social, la defensa y promoci\u00f3n de los derechos humanos de las personas que padecen desigualdades y favoreciendo a las personas que sufren el empobrecimiento en Am\u00e9rica Latina.<\/p>\n<\/td>\n<\/tr>\n<\/tbody>\n<\/table>\n<p><img loading=\"lazy\" decoding=\"async\" class=\" wp-image-33190\" src=\"https:\/\/www.fetatarragona.cat\/wp-content\/uploads\/2018\/05\/Portada-llibre-Xammar-507x715.jpg\" alt=\"\" width=\"358\" height=\"505\" aria-describedby=\"caption-attachment-33190\" \/><\/p>\n<hr \/>\n\n\n<p class=\"has-medium-font-size\"><a href=\"https:\/\/comitesromero.org\/actual\/\"><strong>Clica aqu\u00ed para ver la actividad de los Comit\u00e9s \u00d3scar Romero en el mundo<\/strong><\/a><\/p>\n","protected":false},"excerpt":{"rendered":"<p>Monse\u00f1or \u00d3scar Romero, obispo de San Salvador, fue asesinado el 24 de marzo de 1980. El martirio, al que no fueron ajenos los poderosos de su pa\u00eds, fue la consecuencia de su denuncia prof\u00e9tica y su compromiso con los pobres.A partir de esa fecha van surgiendo, en todo el mundo, Comit\u00e9s de solidaridad que llevan&hellip; <a href=\"https:\/\/comitesromero.org\/cortgn\/programa-de-beques\/\" class=\"more-link\">Seguir leyendo <span class=\"screen-reader-text\">\u00bfQu\u00e9 son los Comit\u00e9s \u00d3scar Romero?<\/span><\/a><\/p>\n","protected":false},"author":1,"featured_media":0,"parent":0,"menu_order":0,"comment_status":"closed","ping_status":"closed","template":"","meta":{"footnotes":""},"class_list":["post-32","page","type-page","status-publish","hentry","without-featured-image"],"_links":{"self":[{"href":"https:\/\/comitesromero.org\/cortgn\/wp-json\/wp\/v2\/pages\/32","targetHints":{"allow":["GET"]}}],"collection":[{"href":"https:\/\/comitesromero.org\/cortgn\/wp-json\/wp\/v2\/pages"}],"about":[{"href":"https:\/\/comitesromero.org\/cortgn\/wp-json\/wp\/v2\/types\/page"}],"author":[{"embeddable":true,"href":"https:\/\/comitesromero.org\/cortgn\/wp-json\/wp\/v2\/users\/1"}],"replies":[{"embeddable":true,"href":"https:\/\/comitesromero.org\/cortgn\/wp-json\/wp\/v2\/comments?post=32"}],"version-history":[{"count":4,"href":"https:\/\/comitesromero.org\/cortgn\/wp-json\/wp\/v2\/pages\/32\/revisions"}],"predecessor-version":[{"id":1513,"href":"https:\/\/comitesromero.org\/cortgn\/wp-json\/wp\/v2\/pages\/32\/revisions\/1513"}],"wp:attachment":[{"href":"https:\/\/comitesromero.org\/cortgn\/wp-json\/wp\/v2\/media?parent=32"}],"curies":[{"name":"wp","href":"https:\/\/api.w.org\/{rel}","templated":true}]}}