{"id":451,"date":"2020-04-18T14:04:45","date_gmt":"2020-04-18T14:04:45","guid":{"rendered":"https:\/\/cortgn.wordpress.com\/?page_id=446"},"modified":"2022-01-26T08:15:53","modified_gmt":"2022-01-26T08:15:53","slug":"becas","status":"publish","type":"page","link":"https:\/\/comitesromero.org\/cortgn\/becas\/","title":{"rendered":"BECAS"},"content":{"rendered":"<h5><span style=\"color: #0000; font-family: Verdana;\"><span style=\"color: #000000;\">COR Tarragona-Reus tiene en marcha un programa de becas para j\u00f3venes de Centroam\u00e9rica. La educaci\u00f3n i la cultura son la base esencial para un futuro digno de estos j\u00f3venes que carecen de muchas oportunidades.<\/span> <\/span><\/h5>\n<p><img loading=\"lazy\" decoding=\"async\" class=\"alignnone size-full wp-image-451\" src=\"https:\/\/comitesromero.org\/cortgn\/wp-content\/uploads\/2020\/04\/becas.jpg\" alt=\"becas\" width=\"410\" height=\"200\" \/><\/p>\n<p><span style=\"font-family: Verdana;\"><b>Acciones<\/b><\/span><\/p>\n<hr \/>\n<table border=\"0\" cellspacing=\"3\" cellpadding=\"0\">\n<tbody>\n<tr>\n<td class=\"noticiestitular\" valign=\"top\" width=\"120\"><img decoding=\"async\" src=\"https:\/\/comitesromero.org\/tarragona\/becas3.jpg\" width=\"120\" \/>Becas<\/td>\n<td class=\"noticiestitular\" valign=\"top\">\n<table style=\"height: 255px;\" border=\"0\" width=\"526\" cellspacing=\"0\" cellpadding=\"3\">\n<tbody>\n<tr>\n<td>\n<table border=\"0\" width=\"400\" cellspacing=\"0\" cellpadding=\"3\">\n<tbody>\n<tr>\n<td>\n<p class=\"noticiatitol\"><strong>Guatemala. Sacapulas. Quich\u00e9<\/strong><\/p>\n<\/td>\n<\/tr>\n<tr>\n<td class=\"noticiatext\">Becas de estudios. Municipio de Sacapulas<\/p>\n<p><strong>Contraparte: Congregaci\u00f3n Sagrada Fam\u00edlia \/ Asociaci\u00f3n de mujeres Tickbal<br \/>\n<\/strong><\/td>\n<\/tr>\n<\/tbody>\n<\/table>\n<p><strong>Financiaci\u00f3n: <\/strong><\/p>\n<p>COR Tarragona 2.750 \u20ac (A\u00f1o 2021)<br \/>\nCOR Tarragona 2.580 \u20ac (A\u00f1o 2019)<br \/>\nCOR Tarragona 2.580 \u20ac (A\u00f1o 2018)<br \/>\nCOR Tarragona 2.580 \u20ac (A\u00f1o 2017)<br \/>\nCOR Tarragona 2.580 \u20ac (A\u00f1o 2016)<br \/>\nCOR Tarragona 3.580 \u20ac (A\u00f1o 2015)<br \/>\nCOR Tarragona 4.740 \u20ac (A\u00f1o 2014)<br \/>\nCOR Tarragona 5.100 \u20ac (A\u00f1o 2013)<br \/>\nCOR Tarragona 5.400 \u20ac (A\u00f1o 2012)<br \/>\nCOR Tarragona 5.400 \u20ac (A\u00f1o 2011)<br \/>\nCOR Tarragona 4.000 \u20ac (A\u00f1o 2010)<\/td>\n<\/tr>\n<tr>\n<td class=\"noticiatext\"><\/td>\n<\/tr>\n<\/tbody>\n<\/table>\n<\/td>\n<\/tr>\n<\/tbody>\n<\/table>\n<table border=\"0\" cellspacing=\"3\" cellpadding=\"0\">\n<tbody>\n<tr>\n<td class=\"noticiestitular\" valign=\"top\" width=\"120\"><img decoding=\"async\" src=\"https:\/\/comitesromero.org\/tarragona\/colegi.jpg\" width=\"120\" \/>Becas<\/td>\n<td class=\"noticiestitular\" valign=\"top\">\n<table border=\"0\" width=\"100%\" cellspacing=\"0\" cellpadding=\"3\">\n<tbody>\n<tr>\n<td>\n<table border=\"0\" width=\"400\" cellspacing=\"0\" cellpadding=\"3\">\n<tbody>\n<tr>\n<td>\n<p class=\"noticiatitol\"><strong>Guatemala. Sayaxch\u00e9. Pet\u00e9n<\/strong><\/p>\n<\/td>\n<\/tr>\n<tr>\n<td class=\"noticiatext\">Becas de estudios. Parroquia San Antonio de Padua<\/p>\n<p><strong>Contraparte: Religiosas de la Asunci\u00f3n<\/strong><\/td>\n<\/tr>\n<\/tbody>\n<\/table>\n<\/td>\n<\/tr>\n<tr>\n<td class=\"noticiatext\"><strong>Financiaci\u00f3n:<\/strong><\/p>\n<p>COR Tarragona e INS Vila-seca 4.500 \u20ac (A\u00f1o 2021)<br \/>\nCOR Tarragona e INS Vila-seca 2.000 \u20ac (A\u00f1o 2020)<br \/>\nCOR Tarragona e INS Vila-seca 3.740 \u20ac (A\u00f1o 2019)<br \/>\nCOR Tarragona e INS Vila-seca 3.740 \u20ac (A\u00f1o 2018)<br \/>\nCOR Tarragona e INS Vila-seca 3.740 \u20ac (A\u00f1o 2017)<br \/>\nCOR Tarragona e INS Vila-seca 3.740 \u20ac (A\u00f1o 2016)<br \/>\nCOR Tarragona 2.932 \u20ac (A\u00f1o 2015)<br \/>\nCOR Tarragona 3.080 \u20ac (A\u00f1o 2014)<br \/>\nCOR Tarragona 2.630 \u20ac (A\u00f1o 2013)<br \/>\nCOR Tarragona 1.750 \u20ac (A\u00f1o 2012)<br \/>\nCOR Tarragona 2.040 \u20ac (A\u00f1o 2011)<br \/>\nCOR Tarragona 2.000 \u20ac (A\u00f1o 2010)<br \/>\nCOR Tarragona 1.725 \u20ac (A\u00f1o 2009)<br \/>\nCOR Tarragona 1.645 \u20ac (A\u00f1o 2008)<br \/>\nCOR Tarragona 1.399 \u20ac (A\u00f1o 2007)<\/td>\n<\/tr>\n<\/tbody>\n<\/table>\n<\/td>\n<\/tr>\n<\/tbody>\n<\/table>\n<table border=\"0\" cellspacing=\"3\" cellpadding=\"0\">\n<tbody>\n<tr>\n<td class=\"noticiestitular\" valign=\"top\" width=\"120\"><\/td>\n<\/tr>\n<\/tbody>\n<\/table>\n<table border=\"0\" cellspacing=\"3\" cellpadding=\"0\">\n<tbody>\n<tr>\n<td class=\"noticiestitular\" valign=\"top\" width=\"120\"><img decoding=\"async\" src=\"https:\/\/comitesromero.org\/tarragona\/jovesmayas.jpg\" width=\"120\" \/>Becas<\/td>\n<td class=\"noticiestitular\" valign=\"top\">\n<table style=\"height: 255px;\" border=\"0\" width=\"526\" cellspacing=\"0\" cellpadding=\"3\">\n<tbody>\n<tr>\n<td>\n<table border=\"0\" width=\"400\" cellspacing=\"0\" cellpadding=\"3\">\n<tbody>\n<tr>\n<td>\n<table border=\"0\" width=\"400\" cellspacing=\"0\" cellpadding=\"3\">\n<tbody>\n<tr>\n<td>\n<p class=\"noticiatitol\"><strong>Guatemala. San Lu\u00eds. Pet\u00e9n<\/strong><\/p>\n<\/td>\n<\/tr>\n<tr>\n<td class=\"noticiatext\">Becas de Estudio. Barrio Bethel<\/td>\n<\/tr>\n<\/tbody>\n<\/table>\n<\/td>\n<\/tr>\n<tr>\n<td class=\"noticiatext\"><strong>Contraparte: Asociaci\u00f3n Educativa Maya Asunci\u00f3n<\/strong><\/td>\n<\/tr>\n<\/tbody>\n<\/table>\n<p><strong>Financiaci\u00f3n:<\/strong><\/p>\n<p>COR Tarragona\u00a0\u00a0 610 \u20ac (A\u00f1o 2021)<br \/>\nCOR Tarragona 2.580 \u20ac (A\u00f1o 2019)<br \/>\nCOR Tarragona 2.580 \u20ac (A\u00f1o 2018)<br \/>\nCOR Tarragona 2.580 \u20ac (A\u00f1o 2017)<br \/>\nCOR Tarragona 1.450 \u20ac (A\u00f1o 2016)<br \/>\nCOR Tarragona 1.605 \u20ac (A\u00f1o 2015)<br \/>\nCOR Tarragona 1.410 \u20ac (A\u00f1o 2014)<br \/>\nCOR Tarragona 1.661 \u20ac (A\u00f1o 2013)<br \/>\nCOR Tarragona 1.060 \u20ac (A\u00f1o 2012)<br \/>\nAyuntamiento de Cambrils 4.765 \u20ac (A\u00f1o 2011)<br \/>\nAyuntamiento de Cambrils 5.120 \u20ac (A\u00f1o 2010)<br \/>\nAyuntamiento de Reus 12.000 \u20ac (A\u00f1o 2008)<\/td>\n<\/tr>\n<tr>\n<td class=\"noticiatext\"><\/td>\n<\/tr>\n<\/tbody>\n<\/table>\n<\/td>\n<\/tr>\n<\/tbody>\n<\/table>\n<table border=\"0\" cellspacing=\"3\" cellpadding=\"0\">\n<tbody>\n<tr>\n<td class=\"noticiestitular\" valign=\"top\" width=\"120\"><img decoding=\"async\" src=\"https:\/\/comitesromero.org\/tarragona\/colegi.jpg\" width=\"120\" \/>Becas<\/td>\n<td class=\"noticiestitular\" valign=\"top\">\n<table border=\"0\" width=\"100%\" cellspacing=\"0\" cellpadding=\"3\">\n<tbody>\n<tr>\n<td>\n<table border=\"0\" width=\"400\" cellspacing=\"0\" cellpadding=\"3\">\n<tbody>\n<tr>\n<td>\n<p class=\"noticiatitol\"><strong>Guatemala.Colotenango. Huehuetenango<\/strong><\/p>\n<\/td>\n<\/tr>\n<tr>\n<td class=\"noticiatext\">Becas de Estudio. Municipio de Colotenango<\/p>\n<p><strong>Contraparte: San Miguel de Acat\u00e1n (Padre Luis Ixcoy P\u00e9rea)<\/strong><\/td>\n<\/tr>\n<\/tbody>\n<\/table>\n<\/td>\n<\/tr>\n<tr>\n<td class=\"noticiatext\"><strong>Financiaci\u00f3n:<\/strong><\/p>\n<p>COR Tarragona 1.620 \u20ac (A\u00f1o 2021)<br \/>\nCOR Tarragona 3.740 \u20ac (A\u00f1o 2019)<br \/>\nCOR Tarragona 3.740 \u20ac (A\u00f1o 2018)<br \/>\nCOR Tarragona 3.740 \u20ac (A\u00f1o 2017)<br \/>\nCOR Tarragona 600 \u20ac (A\u00f1o 2016)<\/td>\n<\/tr>\n<\/tbody>\n<\/table>\n<\/td>\n<\/tr>\n<\/tbody>\n<\/table>\n<table border=\"0\" cellspacing=\"3\" cellpadding=\"0\">\n<tbody>\n<tr>\n<td class=\"noticiestitular\" valign=\"top\" width=\"120\"><\/td>\n<\/tr>\n<\/tbody>\n<\/table>\n<table border=\"0\" cellspacing=\"3\" cellpadding=\"0\">\n<tbody>\n<tr>\n<td class=\"noticiestitular\" valign=\"top\" width=\"120\"><img decoding=\"async\" src=\"https:\/\/comitesromero.org\/tarragona\/colegi.jpg\" width=\"120\" \/>Becas<\/td>\n<td class=\"noticiestitular\" valign=\"top\">\n<table border=\"0\" width=\"100%\" cellspacing=\"0\" cellpadding=\"3\">\n<tbody>\n<tr>\n<td>\n<table border=\"0\" width=\"400\" cellspacing=\"0\" cellpadding=\"3\">\n<tbody>\n<tr>\n<td>\n<p class=\"noticiatitol\"><strong>El Salvador. Santa Ana. Comunidad Barrio de San Juan<br \/>\n<\/strong><\/p>\n<\/td>\n<\/tr>\n<tr>\n<td class=\"noticiatext\">Becas de Estudio. centro escolar cat\u00f3lico \u00abSanta familia\u00bb<\/p>\n<p><strong>Contraparte: Religiosas de la Asunci\u00f3n<\/strong><\/td>\n<\/tr>\n<\/tbody>\n<\/table>\n<\/td>\n<\/tr>\n<tr>\n<td class=\"noticiatext\"><strong>Financiaci\u00f3n:<\/strong><\/p>\n<p>COR Tarragona 1.260 \u20ac (A\u00f1o 2021)<\/td>\n<\/tr>\n<\/tbody>\n<\/table>\n<\/td>\n<\/tr>\n<\/tbody>\n<\/table>\n<table border=\"0\" cellspacing=\"3\" cellpadding=\"0\">\n<tbody>\n<tr>\n<td class=\"noticiestitular\" valign=\"top\" width=\"120\"><\/td>\n<\/tr>\n<\/tbody>\n<\/table>\n","protected":false},"excerpt":{"rendered":"<p>COR Tarragona-Reus tiene en marcha un programa de becas para j\u00f3venes de Centroam\u00e9rica. La educaci\u00f3n i la cultura son la base esencial para un futuro digno de estos j\u00f3venes que carecen de muchas oportunidades. Acciones Becas Guatemala. Sacapulas. Quich\u00e9 Becas de estudios. Municipio de Sacapulas Contraparte: Congregaci\u00f3n Sagrada Fam\u00edlia \/ Asociaci\u00f3n de mujeres Tickbal Financiaci\u00f3n:&hellip; <a href=\"https:\/\/comitesromero.org\/cortgn\/becas\/\" class=\"more-link\">Seguir leyendo <span class=\"screen-reader-text\">BECAS<\/span><\/a><\/p>\n","protected":false},"author":1,"featured_media":0,"parent":0,"menu_order":0,"comment_status":"closed","ping_status":"closed","template":"","meta":{"footnotes":""},"class_list":["post-451","page","type-page","status-publish","hentry","without-featured-image"],"_links":{"self":[{"href":"https:\/\/comitesromero.org\/cortgn\/wp-json\/wp\/v2\/pages\/451","targetHints":{"allow":["GET"]}}],"collection":[{"href":"https:\/\/comitesromero.org\/cortgn\/wp-json\/wp\/v2\/pages"}],"about":[{"href":"https:\/\/comitesromero.org\/cortgn\/wp-json\/wp\/v2\/types\/page"}],"author":[{"embeddable":true,"href":"https:\/\/comitesromero.org\/cortgn\/wp-json\/wp\/v2\/users\/1"}],"replies":[{"embeddable":true,"href":"https:\/\/comitesromero.org\/cortgn\/wp-json\/wp\/v2\/comments?post=451"}],"version-history":[{"count":17,"href":"https:\/\/comitesromero.org\/cortgn\/wp-json\/wp\/v2\/pages\/451\/revisions"}],"predecessor-version":[{"id":1038,"href":"https:\/\/comitesromero.org\/cortgn\/wp-json\/wp\/v2\/pages\/451\/revisions\/1038"}],"wp:attachment":[{"href":"https:\/\/comitesromero.org\/cortgn\/wp-json\/wp\/v2\/media?parent=451"}],"curies":[{"name":"wp","href":"https:\/\/api.w.org\/{rel}","templated":true}]}}