{"id":489,"date":"2020-04-19T08:14:08","date_gmt":"2020-04-19T08:14:08","guid":{"rendered":"https:\/\/cortgn.wordpress.com\/?page_id=489"},"modified":"2020-04-19T08:14:08","modified_gmt":"2020-04-19T08:14:08","slug":"hazte-socio-a","status":"publish","type":"page","link":"https:\/\/comitesromero.org\/cortgn\/hazte-socio-a\/","title":{"rendered":"AY\u00daDANOS"},"content":{"rendered":"<h3><strong><span style=\"color:#993300;\">HAZ UN DONATIVO O HAZTE\u00a0 COLABORADOR\/A DEL COR<\/span><\/strong><\/h3>\n<p>Clica en el formulario siguiente para bajarlo en forma de pdf, rell\u00e9nalo y env\u00edanoslo por alguno de los medios que te indicamos en el propio formulario.<\/p>\n<p><a title=\"Formulari_socis i donants\" href=\"https:\/\/comitesromero.org\/cortgn\/wp-content\/uploads\/2020\/04\/formulari_socis-i-donants.pdf\">Formulario_socios y donantes<\/a><\/p>\n<p><span style=\"color:#0000;font-family:Verdana;\"><b><span style=\"color:#000000;\">AYUDAR\u00c1S A LOS M\u00c1S DESFAVORECIDOS DE AM\u00c9RICA LATINA. GRACIAS!!!<\/span><\/b><\/span><\/p>\n<p>&nbsp;<\/p>\n","protected":false},"excerpt":{"rendered":"<p>HAZ UN DONATIVO O HAZTE\u00a0 COLABORADOR\/A DEL COR Clica en el formulario siguiente para bajarlo en forma de pdf, rell\u00e9nalo y env\u00edanoslo por alguno de los medios que te indicamos en el propio formulario. Formulario_socios y donantes AYUDAR\u00c1S A LOS M\u00c1S DESFAVORECIDOS DE AM\u00c9RICA LATINA. GRACIAS!!! &nbsp;<\/p>\n","protected":false},"author":1,"featured_media":0,"parent":0,"menu_order":0,"comment_status":"closed","ping_status":"closed","template":"","meta":{"footnotes":""},"class_list":["post-489","page","type-page","status-publish","hentry","without-featured-image"],"_links":{"self":[{"href":"https:\/\/comitesromero.org\/cortgn\/wp-json\/wp\/v2\/pages\/489","targetHints":{"allow":["GET"]}}],"collection":[{"href":"https:\/\/comitesromero.org\/cortgn\/wp-json\/wp\/v2\/pages"}],"about":[{"href":"https:\/\/comitesromero.org\/cortgn\/wp-json\/wp\/v2\/types\/page"}],"author":[{"embeddable":true,"href":"https:\/\/comitesromero.org\/cortgn\/wp-json\/wp\/v2\/users\/1"}],"replies":[{"embeddable":true,"href":"https:\/\/comitesromero.org\/cortgn\/wp-json\/wp\/v2\/comments?post=489"}],"version-history":[{"count":0,"href":"https:\/\/comitesromero.org\/cortgn\/wp-json\/wp\/v2\/pages\/489\/revisions"}],"wp:attachment":[{"href":"https:\/\/comitesromero.org\/cortgn\/wp-json\/wp\/v2\/media?parent=489"}],"curies":[{"name":"wp","href":"https:\/\/api.w.org\/{rel}","templated":true}]}}