{"id":5,"date":"2018-01-22T18:34:19","date_gmt":"2018-01-22T18:34:19","guid":{"rendered":"https:\/\/cortgn.wordpress.com\/?page_id=5"},"modified":"2026-04-16T15:07:30","modified_gmt":"2026-04-16T15:07:30","slug":"inicio-2","status":"publish","type":"page","link":"https:\/\/comitesromero.org\/cortgn\/","title":{"rendered":"Not\u00edcies"},"content":{"rendered":"\n<p><strong>Llegir les mem\u00f2ries Social i Econ\u00f2mica 2025 del COR \u00e9s descobrir que hem fet possible millorar la qualitat de vida all\u00ed on segueix sent important la dignitat de cada persona humana. Podeu veure-les a: <\/strong><a href=\"https:\/\/comitesromero.org\/cortgn\/transparencia\/\">https:\/\/comitesromero.org\/cortgn\/transparencia\/<\/a><\/p>\n\n\n\n<figure class=\"wp-block-image size-full\"><img loading=\"lazy\" decoding=\"async\" width=\"595\" height=\"842\" src=\"https:\/\/comitesromero.org\/cortgn\/wp-content\/uploads\/2026\/04\/Memoria-social-COR-2025.jpg\" alt=\"\" class=\"wp-image-1766\" srcset=\"https:\/\/comitesromero.org\/cortgn\/wp-content\/uploads\/2026\/04\/Memoria-social-COR-2025.jpg 595w, https:\/\/comitesromero.org\/cortgn\/wp-content\/uploads\/2026\/04\/Memoria-social-COR-2025-212x300.jpg 212w\" sizes=\"auto, (max-width: 595px) 100vw, 595px\" \/><\/figure>\n\n\n\n<p><strong>Us invitem cordialment a la xerrada&nbsp;de Michelle Neves el proper dilluns 9 de mar\u00e7 a l&#8217;Espai Muralla del Seminari, Casa de Cultura.<\/strong><\/p>\n\n\n\n<figure class=\"wp-block-image size-large\"><img loading=\"lazy\" decoding=\"async\" width=\"1024\" height=\"1024\" src=\"https:\/\/comitesromero.org\/cortgn\/wp-content\/uploads\/2026\/03\/Targeto-9-marc-TGN1-1024x1024.jpg\" alt=\"\" class=\"wp-image-1754\" srcset=\"https:\/\/comitesromero.org\/cortgn\/wp-content\/uploads\/2026\/03\/Targeto-9-marc-TGN1-1024x1024.jpg 1024w, https:\/\/comitesromero.org\/cortgn\/wp-content\/uploads\/2026\/03\/Targeto-9-marc-TGN1-300x300.jpg 300w, https:\/\/comitesromero.org\/cortgn\/wp-content\/uploads\/2026\/03\/Targeto-9-marc-TGN1-150x150.jpg 150w, https:\/\/comitesromero.org\/cortgn\/wp-content\/uploads\/2026\/03\/Targeto-9-marc-TGN1-768x768.jpg 768w, https:\/\/comitesromero.org\/cortgn\/wp-content\/uploads\/2026\/03\/Targeto-9-marc-TGN1-1536x1536.jpg 1536w, https:\/\/comitesromero.org\/cortgn\/wp-content\/uploads\/2026\/03\/Targeto-9-marc-TGN1-2048x2048.jpg 2048w, https:\/\/comitesromero.org\/cortgn\/wp-content\/uploads\/2026\/03\/Targeto-9-marc-TGN1-180x180.jpg 180w\" sizes=\"auto, (max-width: 1024px) 100vw, 1024px\" \/><\/figure>\n\n\n\n<figure class=\"wp-block-image size-large\"><img loading=\"lazy\" decoding=\"async\" width=\"684\" height=\"1024\" src=\"https:\/\/comitesromero.org\/cortgn\/wp-content\/uploads\/2026\/03\/Cartell-9-marc-TGN1-684x1024.jpg\" alt=\"\" class=\"wp-image-1752\" srcset=\"https:\/\/comitesromero.org\/cortgn\/wp-content\/uploads\/2026\/03\/Cartell-9-marc-TGN1-684x1024.jpg 684w, https:\/\/comitesromero.org\/cortgn\/wp-content\/uploads\/2026\/03\/Cartell-9-marc-TGN1-201x300.jpg 201w, https:\/\/comitesromero.org\/cortgn\/wp-content\/uploads\/2026\/03\/Cartell-9-marc-TGN1-768x1149.jpg 768w, https:\/\/comitesromero.org\/cortgn\/wp-content\/uploads\/2026\/03\/Cartell-9-marc-TGN1-1027x1536.jpg 1027w, https:\/\/comitesromero.org\/cortgn\/wp-content\/uploads\/2026\/03\/Cartell-9-marc-TGN1-1369x2048.jpg 1369w, https:\/\/comitesromero.org\/cortgn\/wp-content\/uploads\/2026\/03\/Cartell-9-marc-TGN1-scaled.jpg 1711w\" sizes=\"auto, (max-width: 684px) 100vw, 684px\" \/><\/figure>\n\n\n\n<p><strong>Ja tenim el N. 91 de la revista Quetzal. Us el podeu descarregar des de la pestanya \u00abRevista Quetzal\u00bb<\/strong><\/p>\n\n\n\n<figure class=\"wp-block-image size-large\"><img loading=\"lazy\" decoding=\"async\" width=\"724\" height=\"1024\" src=\"https:\/\/comitesromero.org\/cortgn\/wp-content\/uploads\/2025\/10\/quetzal91-724x1024.jpg\" alt=\"\" class=\"wp-image-1742\" srcset=\"https:\/\/comitesromero.org\/cortgn\/wp-content\/uploads\/2025\/10\/quetzal91-724x1024.jpg 724w, https:\/\/comitesromero.org\/cortgn\/wp-content\/uploads\/2025\/10\/quetzal91-212x300.jpg 212w, https:\/\/comitesromero.org\/cortgn\/wp-content\/uploads\/2025\/10\/quetzal91-768x1086.jpg 768w, https:\/\/comitesromero.org\/cortgn\/wp-content\/uploads\/2025\/10\/quetzal91-1086x1536.jpg 1086w, https:\/\/comitesromero.org\/cortgn\/wp-content\/uploads\/2025\/10\/quetzal91.jpg 1240w\" sizes=\"auto, (max-width: 724px) 100vw, 724px\" \/><\/figure>\n\n\n\n<p><strong>Despr\u00e9s d&#8217;un temps delicat de salut, avui, 15 de setembre de 2025, ens ha deixat Paco Xammar. L&#8217;acomiadarem aquest dimarts 16 de setembre al Centre Borja en una missa exequial que se celebrar\u00e0 a les 17.30 h i el dissabte 20 de setembre a les 17 h la parr\u00f2quia de Torreforta acollir\u00e0 una missa en mem\u00f2ria seva presidida per l\u2019arquebisbe de Tarragona, Joan Planellas.<\/strong><\/p>\n\n\n\n<figure class=\"wp-block-image size-large\"><img loading=\"lazy\" decoding=\"async\" width=\"1024\" height=\"682\" src=\"https:\/\/comitesromero.org\/cortgn\/wp-content\/uploads\/2025\/09\/2015-P7155267-1024x682.jpg\" alt=\"\" class=\"wp-image-1736\" srcset=\"https:\/\/comitesromero.org\/cortgn\/wp-content\/uploads\/2025\/09\/2015-P7155267-1024x682.jpg 1024w, https:\/\/comitesromero.org\/cortgn\/wp-content\/uploads\/2025\/09\/2015-P7155267-300x200.jpg 300w, https:\/\/comitesromero.org\/cortgn\/wp-content\/uploads\/2025\/09\/2015-P7155267-768x512.jpg 768w, https:\/\/comitesromero.org\/cortgn\/wp-content\/uploads\/2025\/09\/2015-P7155267.jpg 1280w\" sizes=\"auto, (max-width: 1024px) 100vw, 1024px\" \/><\/figure>\n\n\n\n<p><\/p>\n\n\n\n<p><strong>Ja tenim el N. 90 de la revista Quetzal. Us el podeu descarregar des de la pestanya \u00abRevista Quetzal\u00bb<\/strong><\/p>\n\n\n\n<figure class=\"wp-block-image size-large\"><img loading=\"lazy\" decoding=\"async\" width=\"724\" height=\"1024\" src=\"https:\/\/comitesromero.org\/cortgn\/wp-content\/uploads\/2025\/05\/coberta_quetzal90-724x1024.jpg\" alt=\"\" class=\"wp-image-1725\" srcset=\"https:\/\/comitesromero.org\/cortgn\/wp-content\/uploads\/2025\/05\/coberta_quetzal90-724x1024.jpg 724w, https:\/\/comitesromero.org\/cortgn\/wp-content\/uploads\/2025\/05\/coberta_quetzal90-212x300.jpg 212w, https:\/\/comitesromero.org\/cortgn\/wp-content\/uploads\/2025\/05\/coberta_quetzal90-768x1086.jpg 768w, https:\/\/comitesromero.org\/cortgn\/wp-content\/uploads\/2025\/05\/coberta_quetzal90-1086x1536.jpg 1086w, https:\/\/comitesromero.org\/cortgn\/wp-content\/uploads\/2025\/05\/coberta_quetzal90-1448x2048.jpg 1448w, https:\/\/comitesromero.org\/cortgn\/wp-content\/uploads\/2025\/05\/coberta_quetzal90-scaled.jpg 1810w\" sizes=\"auto, (max-width: 724px) 100vw, 724px\" \/><\/figure>\n\n\n\n<p><strong>S&#8217;han recollit 6.221 \u20ac al sopar solidari de Sant Bernat Calv\u00f3 per al projecte de cl\u00ednica m\u00f2bil de Mons. Jes\u00fas Ruiz a la Rep\u00fablica Centreafricana. Moltes gr\u00e0cies a totes les persones que heu posat el vostre esfor\u00e7!!!<\/strong><\/p>\n\n\n\n<figure class=\"wp-block-image size-large\"><img loading=\"lazy\" decoding=\"async\" width=\"724\" height=\"1024\" src=\"https:\/\/comitesromero.org\/cortgn\/wp-content\/uploads\/2025\/04\/CARTELL-LLIBRE-PX-724x1024.png\" alt=\"\" class=\"wp-image-1715\" srcset=\"https:\/\/comitesromero.org\/cortgn\/wp-content\/uploads\/2025\/04\/CARTELL-LLIBRE-PX-724x1024.png 724w, https:\/\/comitesromero.org\/cortgn\/wp-content\/uploads\/2025\/04\/CARTELL-LLIBRE-PX-212x300.png 212w, https:\/\/comitesromero.org\/cortgn\/wp-content\/uploads\/2025\/04\/CARTELL-LLIBRE-PX-768x1086.png 768w, https:\/\/comitesromero.org\/cortgn\/wp-content\/uploads\/2025\/04\/CARTELL-LLIBRE-PX-1086x1536.png 1086w, https:\/\/comitesromero.org\/cortgn\/wp-content\/uploads\/2025\/04\/CARTELL-LLIBRE-PX-1448x2048.png 1448w, https:\/\/comitesromero.org\/cortgn\/wp-content\/uploads\/2025\/04\/CARTELL-LLIBRE-PX.png 1587w\" sizes=\"auto, (max-width: 724px) 100vw, 724px\" \/><\/figure>\n\n\n\n<p><strong>Us invitem cordialment als actes de la IV setmana dels Drets Humans de Tarragona<\/strong> <\/p>\n\n\n\n<figure class=\"wp-block-image size-large\"><img loading=\"lazy\" decoding=\"async\" width=\"724\" height=\"1024\" src=\"https:\/\/comitesromero.org\/cortgn\/wp-content\/uploads\/2024\/11\/Cartell-La-Capona-724x1024.jpg\" alt=\"\" class=\"wp-image-1693\" srcset=\"https:\/\/comitesromero.org\/cortgn\/wp-content\/uploads\/2024\/11\/Cartell-La-Capona-724x1024.jpg 724w, https:\/\/comitesromero.org\/cortgn\/wp-content\/uploads\/2024\/11\/Cartell-La-Capona-212x300.jpg 212w, https:\/\/comitesromero.org\/cortgn\/wp-content\/uploads\/2024\/11\/Cartell-La-Capona-768x1086.jpg 768w, https:\/\/comitesromero.org\/cortgn\/wp-content\/uploads\/2024\/11\/Cartell-La-Capona-1086x1536.jpg 1086w, https:\/\/comitesromero.org\/cortgn\/wp-content\/uploads\/2024\/11\/Cartell-La-Capona.jpg 1190w\" sizes=\"auto, (max-width: 724px) 100vw, 724px\" \/><\/figure>\n\n\n\n<figure class=\"wp-block-image size-large\"><img loading=\"lazy\" decoding=\"async\" width=\"722\" height=\"1024\" src=\"https:\/\/comitesromero.org\/cortgn\/wp-content\/uploads\/2024\/11\/IV-setmana-dels-DH-de-Tarragona-722x1024.jpg\" alt=\"\" class=\"wp-image-1686\" srcset=\"https:\/\/comitesromero.org\/cortgn\/wp-content\/uploads\/2024\/11\/IV-setmana-dels-DH-de-Tarragona-722x1024.jpg 722w, https:\/\/comitesromero.org\/cortgn\/wp-content\/uploads\/2024\/11\/IV-setmana-dels-DH-de-Tarragona-211x300.jpg 211w, https:\/\/comitesromero.org\/cortgn\/wp-content\/uploads\/2024\/11\/IV-setmana-dels-DH-de-Tarragona-768x1090.jpg 768w, https:\/\/comitesromero.org\/cortgn\/wp-content\/uploads\/2024\/11\/IV-setmana-dels-DH-de-Tarragona.jpg 874w\" sizes=\"auto, (max-width: 722px) 100vw, 722px\" \/><\/figure>\n\n\n\n<figure class=\"wp-block-image size-large\"><img loading=\"lazy\" decoding=\"async\" width=\"722\" height=\"1024\" src=\"https:\/\/comitesromero.org\/cortgn\/wp-content\/uploads\/2024\/11\/Imatge-final-programa-722x1024.jpg\" alt=\"\" class=\"wp-image-1688\" srcset=\"https:\/\/comitesromero.org\/cortgn\/wp-content\/uploads\/2024\/11\/Imatge-final-programa-722x1024.jpg 722w, https:\/\/comitesromero.org\/cortgn\/wp-content\/uploads\/2024\/11\/Imatge-final-programa-211x300.jpg 211w, https:\/\/comitesromero.org\/cortgn\/wp-content\/uploads\/2024\/11\/Imatge-final-programa-768x1090.jpg 768w, https:\/\/comitesromero.org\/cortgn\/wp-content\/uploads\/2024\/11\/Imatge-final-programa.jpg 874w\" sizes=\"auto, (max-width: 722px) 100vw, 722px\" \/><\/figure>\n\n\n\n<p><strong>Ja tenim el nou exemplar de la revista Quetzal. Aquesta vegada, en coordinaci\u00f3 amb la campanya del 0,7%, hem volgut explicar el perqu\u00e8 de l&#8217;exist\u00e8ncia de pa\u00efsos empobrits i dels pa\u00efsos enriquits. La podeu descarregara a: <a href=\"https:\/\/comitesromero.org\/cortgn\/wp-content\/uploads\/2024\/10\/quetzal89_web.pdf\">89. Quetzal Octubre 2024 <\/a><\/strong><\/p>\n\n\n\n<figure class=\"wp-block-image size-large\"><img loading=\"lazy\" decoding=\"async\" width=\"724\" height=\"1024\" src=\"https:\/\/comitesromero.org\/cortgn\/wp-content\/uploads\/2024\/10\/quetzal89_coberta-724x1024.jpg\" alt=\"\" class=\"wp-image-1630\" srcset=\"https:\/\/comitesromero.org\/cortgn\/wp-content\/uploads\/2024\/10\/quetzal89_coberta-724x1024.jpg 724w, https:\/\/comitesromero.org\/cortgn\/wp-content\/uploads\/2024\/10\/quetzal89_coberta-212x300.jpg 212w, https:\/\/comitesromero.org\/cortgn\/wp-content\/uploads\/2024\/10\/quetzal89_coberta-768x1086.jpg 768w, https:\/\/comitesromero.org\/cortgn\/wp-content\/uploads\/2024\/10\/quetzal89_coberta-1086x1536.jpg 1086w, https:\/\/comitesromero.org\/cortgn\/wp-content\/uploads\/2024\/10\/quetzal89_coberta.jpg 1240w\" sizes=\"auto, (max-width: 724px) 100vw, 724px\" \/><\/figure>\n\n\n\n<p><strong>La Fundaci\u00f3 ERIC <\/strong>-Equip de reflexi\u00f3, investigaci\u00f3 i comunicaci\u00f3. https:\/\/eric-sj.org\/- ha celebrat, dins el projecte de Cooperaci\u00f3 subvencionat per l&#8217;ajuntament de Tarragona, la jornada \u00ab<strong>Salud integral de las ni\u00f1as y de las mujeres\u00bb <\/strong>organitzada per la Xarxa de dones del Progreso, REMUPRO.<br>L&#8217;objectiu de l&#8217;esdeveniment \u00e9s reafirmar que la salut integral per a les dones i les nenes \u00e9s un dret i per tant cal continuar fent pressi\u00f3 als governs perqu\u00e8 tinguem aquest dret.<\/p>\n\n\n\n<figure class=\"wp-block-image size-large\"><img loading=\"lazy\" decoding=\"async\" width=\"1024\" height=\"684\" src=\"https:\/\/comitesromero.org\/cortgn\/wp-content\/uploads\/2024\/10\/5f47d49b-e83f-424a-bbb6-b16ad319fb32-1024x684.jpeg\" alt=\"\" class=\"wp-image-1623\" srcset=\"https:\/\/comitesromero.org\/cortgn\/wp-content\/uploads\/2024\/10\/5f47d49b-e83f-424a-bbb6-b16ad319fb32-1024x684.jpeg 1024w, https:\/\/comitesromero.org\/cortgn\/wp-content\/uploads\/2024\/10\/5f47d49b-e83f-424a-bbb6-b16ad319fb32-300x200.jpeg 300w, https:\/\/comitesromero.org\/cortgn\/wp-content\/uploads\/2024\/10\/5f47d49b-e83f-424a-bbb6-b16ad319fb32-768x513.jpeg 768w, https:\/\/comitesromero.org\/cortgn\/wp-content\/uploads\/2024\/10\/5f47d49b-e83f-424a-bbb6-b16ad319fb32-1536x1025.jpeg 1536w, https:\/\/comitesromero.org\/cortgn\/wp-content\/uploads\/2024\/10\/5f47d49b-e83f-424a-bbb6-b16ad319fb32.jpeg 1600w\" sizes=\"auto, (max-width: 1024px) 100vw, 1024px\" \/><\/figure>\n\n\n\n<p><\/p>\n\n\n\n<p><\/p>\n\n\n\n<p><\/p>\n\n\n\n<p><\/p>\n\n\n\n<p><\/p>\n\n\n\n<p><\/p>\n\n\n\n<p><\/p>\n\n\n\n<h1 class=\"wp-block-heading\"><strong>V\u00eddeo de l&#8217;acte de comiat de Tarragona de Paco Xammar<\/strong><\/h1>\n\n\n\n<figure class=\"wp-block-embed is-type-video is-provider-youtube wp-block-embed-youtube wp-embed-aspect-16-9 wp-has-aspect-ratio\"><div class=\"wp-block-embed__wrapper\">\n<iframe loading=\"lazy\" title=\"Homenatge de Tgna a Paco Xammar a La Floresta\" width=\"825\" height=\"464\" src=\"https:\/\/www.youtube.com\/embed\/3eQORWhDjaY?feature=oembed\" frameborder=\"0\" allow=\"accelerometer; autoplay; clipboard-write; encrypted-media; gyroscope; picture-in-picture; web-share\" referrerpolicy=\"strict-origin-when-cross-origin\" allowfullscreen><\/iframe>\n<\/div><figcaption class=\"wp-element-caption\"><br><strong>El comiat de Tarragona de Paco Xamar ha estat una gran festa de retrobament entre totes aquelles persones i grups amb els que ell ha col\u00b7laborat.<\/strong> <strong>Ha estat a La Floresta, el dissabte 10.12.2022 a les 4 de la tarda amb assist\u00e8ncia d&#8217;unes 300 persones de tot Catalunya.<\/strong><\/figcaption><\/figure>\n\n\n\n<h1 class=\"wp-block-heading\"><strong>V\u00eddeo del post-acte amb totes les mostres d&#8217;afecte a Paco<\/strong><\/h1>\n\n\n\n<figure class=\"wp-block-embed is-type-video is-provider-youtube wp-block-embed-youtube wp-embed-aspect-16-9 wp-has-aspect-ratio\"><div class=\"wp-block-embed__wrapper\">\n<iframe loading=\"lazy\" title=\"La Floresta - Mostres d&#039;afecte a Paco Xammar\" width=\"825\" height=\"464\" src=\"https:\/\/www.youtube.com\/embed\/XS0nJEzsv_c?feature=oembed\" frameborder=\"0\" allow=\"accelerometer; autoplay; clipboard-write; encrypted-media; gyroscope; picture-in-picture; web-share\" referrerpolicy=\"strict-origin-when-cross-origin\" allowfullscreen><\/iframe>\n<\/div><figcaption class=\"wp-element-caption\"><br><strong>Totes  les mostres de simpatia, afecte i escalf que va rebre Paco.<\/strong><\/figcaption><\/figure>\n\n\n\n<p><\/p>\n\n\n\n<h5 class=\"wp-block-heading has-large-font-size\"><strong>En Paco Xammar ha fet donaci\u00f3 al COR de 3.460 \u20ac, fruit de les donacions que va rebre amb motiu del seu comiat de Tarragona. Us ho agraeix a tots i totes de cor!<\/strong><\/h5>\n\n\n\n<figure class=\"wp-block-image size-large\"><img loading=\"lazy\" decoding=\"async\" width=\"1024\" height=\"683\" src=\"https:\/\/comitesromero.org\/cortgn\/wp-content\/uploads\/2023\/01\/Paco-Xammar-008-1024x683.jpg\" alt=\"\" class=\"wp-image-1279\" srcset=\"https:\/\/comitesromero.org\/cortgn\/wp-content\/uploads\/2023\/01\/Paco-Xammar-008-1024x683.jpg 1024w, https:\/\/comitesromero.org\/cortgn\/wp-content\/uploads\/2023\/01\/Paco-Xammar-008-300x200.jpg 300w, https:\/\/comitesromero.org\/cortgn\/wp-content\/uploads\/2023\/01\/Paco-Xammar-008-768x512.jpg 768w, https:\/\/comitesromero.org\/cortgn\/wp-content\/uploads\/2023\/01\/Paco-Xammar-008-1536x1024.jpg 1536w, https:\/\/comitesromero.org\/cortgn\/wp-content\/uploads\/2023\/01\/Paco-Xammar-008-2048x1366.jpg 2048w\" sizes=\"auto, (max-width: 1024px) 100vw, 1024px\" \/><\/figure>\n\n\n\n<h5 class=\"wp-block-heading has-large-font-size\"><strong>Hem enviat aquests diners a les Comunitats Eclesials de Base de Nicaragua.<\/strong><\/h5>\n\n\n\n<p><\/p>\n\n\n\n<p><\/p>\n","protected":false},"excerpt":{"rendered":"<p>Llegir les mem\u00f2ries Social i Econ\u00f2mica 2025 del COR \u00e9s descobrir que hem fet possible millorar la qualitat de vida all\u00ed on segueix sent important la dignitat de cada persona humana. Podeu veure-les a: https:\/\/comitesromero.org\/cortgn\/transparencia\/ Us invitem cordialment a la xerrada&nbsp;de Michelle Neves el proper dilluns 9 de mar\u00e7 a l&#8217;Espai Muralla del Seminari, Casa&hellip; <a href=\"https:\/\/comitesromero.org\/cortgn\/\" class=\"more-link\">Seguir leyendo <span class=\"screen-reader-text\">Not\u00edcies<\/span><\/a><\/p>\n","protected":false},"author":1,"featured_media":0,"parent":0,"menu_order":1,"comment_status":"closed","ping_status":"closed","template":"","meta":{"footnotes":""},"class_list":["post-5","page","type-page","status-publish","hentry","without-featured-image"],"_links":{"self":[{"href":"https:\/\/comitesromero.org\/cortgn\/wp-json\/wp\/v2\/pages\/5","targetHints":{"allow":["GET"]}}],"collection":[{"href":"https:\/\/comitesromero.org\/cortgn\/wp-json\/wp\/v2\/pages"}],"about":[{"href":"https:\/\/comitesromero.org\/cortgn\/wp-json\/wp\/v2\/types\/page"}],"author":[{"embeddable":true,"href":"https:\/\/comitesromero.org\/cortgn\/wp-json\/wp\/v2\/users\/1"}],"replies":[{"embeddable":true,"href":"https:\/\/comitesromero.org\/cortgn\/wp-json\/wp\/v2\/comments?post=5"}],"version-history":[{"count":145,"href":"https:\/\/comitesromero.org\/cortgn\/wp-json\/wp\/v2\/pages\/5\/revisions"}],"predecessor-version":[{"id":1768,"href":"https:\/\/comitesromero.org\/cortgn\/wp-json\/wp\/v2\/pages\/5\/revisions\/1768"}],"wp:attachment":[{"href":"https:\/\/comitesromero.org\/cortgn\/wp-json\/wp\/v2\/media?parent=5"}],"curies":[{"name":"wp","href":"https:\/\/api.w.org\/{rel}","templated":true}]}}