{"id":50,"date":"2018-02-12T16:52:44","date_gmt":"2018-02-12T16:52:44","guid":{"rendered":"https:\/\/cortgn.wordpress.com\/?page_id=50"},"modified":"2021-12-06T17:01:39","modified_gmt":"2021-12-06T17:01:39","slug":"actividades","status":"publish","type":"page","link":"https:\/\/comitesromero.org\/cortgn\/actividades\/","title":{"rendered":"Otras actividades"},"content":{"rendered":"<h2><strong><a href=\"http:\/\/www.encuentroradio.co\/timetable\/event\/sicsal-una-vez-al-mes\/\">Agenda Llatinoamericana<\/a><\/strong><\/h2>\n<p><img decoding=\"async\" src=\"https:\/\/comitesromero.org\/cortgn\/wp-content\/uploads\/2021\/11\/Portades_cat_vert1-768x1024.jpg\" alt=\"La imagen tiene un atributo ALT vac\u00edo; su nombre de archivo es Portades_cat_vert1-768x1024.jpg\" \/><\/p>\n<h2><strong><a href=\"http:\/\/www.encuentroradio.co\/timetable\/event\/sicsal-una-vez-al-mes\/\">Videoteca<\/a><\/strong><\/h2>\n<p><img decoding=\"async\" src=\"https:\/\/comitesromero.org\/tarragona\/dvds\/dvd.gif\" width=\"170\" align=\"left\" border=\"1\" \/><\/p>\n<p><strong><span style=\"color: #003300; font-family: Verdana;\"><b>DVD&#8217;S de COR Ta<\/b><\/span><\/strong><strong><span style=\"color: #003300; font-family: Verdana;\"><b>rragona<\/b><\/span><\/strong><\/p>\n<p><span style=\"color: #000000; font-family: Verdana;\">El Comit\u00e9 Oscar Romero de Tarragona ha creado su propia videoteca de DVDs.<br \/>\nIncluye temas relacionados con los pueblos de Am\u00e9rica Latina i la Solidaridad en general<br \/>\nPod\u00e9is ver la relaci\u00f3n de DVD&#8217;s por tem\u00e1tica clickando sobre los siguientes enlaces i pedir en pr\u00e9stamo a la secretar\u00eda de COR Tarragona el que pueda interesaros:<br \/>\n<\/span><\/p>\n<ul>\n<li><a class=\"clase2\" href=\"https:\/\/comitesromero.org\/tarragona\/dvds\/Clas_A.htm\">A. Derechos humanos<\/a><\/li>\n<li><a class=\"clase2\" href=\"https:\/\/comitesromero.org\/tarragona\/dvds\/Clas_B.htm\">B. Solidaridad &#8211; Cooperaci\u00f3n <\/a><\/li>\n<li><a class=\"clase2\" href=\"https:\/\/comitesromero.org\/tarragona\/dvds\/Clas_C.htm\">C. G\u00e9nero <\/a><\/li>\n<li><a class=\"clase2\" href=\"https:\/\/comitesromero.org\/tarragona\/dvds\/Clas_D.htm\">D. Ecolog\u00eda <\/a><\/li>\n<li><a class=\"clase2\" href=\"https:\/\/comitesromero.org\/tarragona\/dvds\/Clas_E.htm\">E. Pobreza <\/a><\/li>\n<li><a class=\"clase2\" href=\"https:\/\/comitesromero.org\/tarragona\/dvds\/Clas_F.htm\">F. Emigrantes <\/a><\/li>\n<li><a class=\"clase2\" href=\"https:\/\/comitesromero.org\/tarragona\/dvds\/Clas_H.htm\">H. Experiencia viajes <\/a><\/li>\n<li><a class=\"clase2\" href=\"https:\/\/comitesromero.org\/tarragona\/dvds\/Clas_I.htm\">I. Drogas <\/a><\/li>\n<li><a class=\"clase2\" href=\"https:\/\/comitesromero.org\/tarragona\/dvds\/Clas_J.htm\">J. Prostituci\u00f3n <\/a><\/li>\n<li><a class=\"clase2\" href=\"https:\/\/comitesromero.org\/tarragona\/dvds\/Clas_K.htm\">K. Capitalismo &#8211; Globalizaci\u00f3n<\/a><\/li>\n<li><a class=\"clase2\" href=\"https:\/\/comitesromero.org\/tarragona\/dvds\/Clas_L.htm\">L. Marginados &#8211; Infancia &#8211; Explotaci\u00f3n <\/a><\/li>\n<li><a class=\"clase2\" href=\"https:\/\/comitesromero.org\/tarragona\/dvds\/Clas_M.htm\">M. Nicaragua <\/a><\/li>\n<li><a class=\"clase2\" href=\"https:\/\/comitesromero.org\/tarragona\/dvds\/Clas_N.htm\">N. Paz <\/a><\/li>\n<li><a class=\"clase2\" href=\"https:\/\/comitesromero.org\/tarragona\/dvds\/Clas_O.htm\">O. Monse\u00f1or Romero <\/a><\/li>\n<li><a class=\"clase2\" href=\"https:\/\/comitesromero.org\/tarragona\/dvds\/Clas_P.htm\">P. Salvador <\/a><\/li>\n<li><a class=\"clase2\" href=\"https:\/\/comitesromero.org\/tarragona\/dvds\/Clas_Q.htm\">Q. Guatemala <\/a><\/li>\n<li><a class=\"clase2\" href=\"https:\/\/comitesromero.org\/tarragona\/dvds\/Clas_R.htm\">R. M\u00e1rtires UCA <\/a><\/li>\n<li><a class=\"clase2\" href=\"https:\/\/comitesromero.org\/tarragona\/dvds\/Clas_S.htm\">S. Chile <\/a><\/li>\n<li><a class=\"clase2\" href=\"https:\/\/comitesromero.org\/tarragona\/dvds\/Clas_T.htm\">T. Teologia de la Liberaci\u00f3n <\/a><\/li>\n<li><a class=\"clase2\" href=\"https:\/\/comitesromero.org\/tarragona\/dvds\/Clas_U.htm\">U. Comercio Justo <\/a><\/li>\n<li><a class=\"clase2\" href=\"https:\/\/comitesromero.org\/tarragona\/dvds\/Clas_V.htm\">V. Iglesia <\/a><\/li>\n<li><a class=\"clase2\" href=\"https:\/\/comitesromero.org\/tarragona\/dvds\/Clas_W.htm\">W. Argentina <\/a><\/li>\n<li><a class=\"clase2\" href=\"https:\/\/comitesromero.org\/tarragona\/dvds\/Clas_X.htm\">X. Zapatistas <\/a><\/li>\n<li><a class=\"clase2\" href=\"https:\/\/comitesromero.org\/tarragona\/dvds\/Clas_Y.htm\">Y. Valores <\/a><\/li>\n<li><a class=\"clase2\" href=\"https:\/\/comitesromero.org\/tarragona\/dvds\/Clas_Z.htm\">Z. Africa <\/a><\/li>\n<\/ul>\n<h2><strong><a href=\"http:\/\/www.encuentroradio.co\/timetable\/event\/sicsal-una-vez-al-mes\/\">Reflexiones<\/a><\/strong><\/h2>\n<p><strong><span style=\"color: #003300; font-family: Verdana;\"><b>Algunos escritos y reflexiones <\/b><\/span><\/strong><\/p>\n<p>En este apartado podr\u00e9is encontrar algunos escritos y reflexiones relacionados con el mundo de los pobres y la solidaridad.<\/p>\n<table border=\"0\" cellspacing=\"0\" cellpadding=\"0\">\n<tbody>\n<tr>\n<td valign=\"top\" width=\"170\" height=\"20\"><a class=\"clase2\" href=\"https:\/\/comitesromero.org\/tarragona\/n_horizonte1.htm\">Viajeros a Guatemala<\/a><\/td>\n<td valign=\"top\"><a class=\"clase3\" href=\"https:\/\/comitesromero.org\/tarragona\/n_horizonte1.htm\">De guerrilleros a cooperativistas<\/a><\/td>\n<\/tr>\n<tr>\n<td valign=\"top\" width=\"170\" height=\"20\"><a class=\"clase2\" href=\"https:\/\/comitesromero.org\/tarragona\/guate2008.htm\">Alfons i Teresa<\/a><\/td>\n<td valign=\"top\"><a class=\"clase3\" href=\"https:\/\/comitesromero.org\/tarragona\/guate2008.htm\">Guatemala, Agost 2008<\/a><\/td>\n<\/tr>\n<tr>\n<td valign=\"top\" width=\"170\" height=\"20\"><a class=\"clase2\" href=\"https:\/\/comitesromero.org\/tarragona\/lleida2.htm\">COR de Murcia<\/a><\/td>\n<td valign=\"top\"><a class=\"clase3\" href=\"https:\/\/comitesromero.org\/tarragona\/lleida2.htm\">El hombre en el mundo, un desaf\u00edo de conciencia<\/a><\/td>\n<\/tr>\n<tr>\n<td valign=\"top\" width=\"170\" height=\"20\"><a class=\"clase2\" href=\"https:\/\/comitesromero.org\/tarragona\/lleida.htm\">X Jornades de formaci\u00f3n<\/a><\/td>\n<td valign=\"top\"><a class=\"clase3\" href=\"https:\/\/comitesromero.org\/tarragona\/lleida.htm\">Dimensi\u00f3n pol\u00edtica y prof\u00e9tica de los comit\u00e9s <\/a><\/td>\n<\/tr>\n<tr>\n<td valign=\"top\" width=\"170\" height=\"20\"><a class=\"clase2\" href=\"https:\/\/comitesromero.org\/tarragona\/ramon.htm\">Ramon Bosch<\/a><\/td>\n<td valign=\"top\"><a class=\"clase3\" href=\"https:\/\/comitesromero.org\/tarragona\/ramon.htm\">Matinada, a Guatemala<\/a><\/td>\n<\/tr>\n<tr>\n<td valign=\"top\" width=\"170\" height=\"20\"><a class=\"clase2\" href=\"https:\/\/comitesromero.org\/tarragona\/arnaldo5.htm\">Arnaldo Zenteno<\/a><\/td>\n<td valign=\"top\"><a class=\"clase3\" href=\"https:\/\/comitesromero.org\/tarragona\/arnaldo5.htm\">Ni\u00f1ito huelepega: Si no me lleva, me muero<\/a><\/td>\n<\/tr>\n<tr>\n<td valign=\"top\" width=\"170\" height=\"20\"><a class=\"clase2\" href=\"https:\/\/comitesromero.org\/tarragona\/chureca.htm\">Ignacio Molina<\/a><\/td>\n<td valign=\"top\"><a class=\"clase3\" href=\"https:\/\/comitesromero.org\/tarragona\/chureca.htm\">La Chureca, irrealmente real<\/a><\/td>\n<\/tr>\n<tr>\n<td valign=\"top\" width=\"170\" height=\"20\"><a class=\"clase2\" href=\"https:\/\/comitesromero.org\/tarragona\/cindy.htm\">Cindy Sheehan<\/a><\/td>\n<td valign=\"top\"><a class=\"clase3\" href=\"https:\/\/comitesromero.org\/tarragona\/cindy.htm\">Adi\u00f3s, Estados Unidos de Am\u00e9rica\u2026 (carta de despedida)<\/a><\/td>\n<\/tr>\n<tr>\n<td valign=\"top\" width=\"170\" height=\"20\"><a class=\"clase2\" href=\"https:\/\/comitesromero.org\/tarragona\/arnaldo4.htm\">Arnaldo Zenteno<\/a><\/td>\n<td valign=\"top\"><a class=\"clase3\" href=\"https:\/\/comitesromero.org\/tarragona\/arnaldo4.htm\">Les cuento algo de M\u00e9xico<\/a><\/td>\n<\/tr>\n<tr>\n<td valign=\"top\" width=\"170\" height=\"20\"><a class=\"clase2\" href=\"https:\/\/comitesromero.org\/tarragona\/irak.htm\">Khalid<\/a><\/td>\n<td valign=\"top\"><a class=\"clase3\" href=\"https:\/\/comitesromero.org\/tarragona\/irak.htm\">Irak se desangra<\/a><\/td>\n<\/tr>\n<tr>\n<td valign=\"top\" width=\"170\" height=\"20\"><a class=\"clase2\" href=\"https:\/\/comitesromero.org\/tarragona\/sobrino.htm\">Jon Sobrino<\/a><\/td>\n<td valign=\"top\"><a class=\"clase3\" href=\"https:\/\/comitesromero.org\/tarragona\/sobrino.htm\">Desde Kiberia en la extrema pobreza<\/a><\/td>\n<\/tr>\n<tr>\n<td valign=\"top\" width=\"170\" height=\"20\"><a class=\"clase2\" href=\"https:\/\/comitesromero.org\/tarragona\/arnaldo3.htm\">Arnaldo Zenteno<\/a><\/td>\n<td valign=\"top\"><a class=\"clase3\" href=\"https:\/\/comitesromero.org\/tarragona\/arnaldo3.htm\">El caminar de las CNP<\/a><\/td>\n<\/tr>\n<tr>\n<td valign=\"top\" width=\"170\" height=\"20\"><a class=\"clase2\" href=\"https:\/\/comitesromero.org\/tarragona\/eduardo.htm\">Eduardo Valdez<\/a><\/td>\n<td valign=\"top\"><a class=\"clase3\" href=\"https:\/\/comitesromero.org\/tarragona\/eduardo.htm\">Managua. Mi\u00e9rcoles por la noche<\/a><\/td>\n<\/tr>\n<tr>\n<td valign=\"top\" width=\"170\" height=\"20\"><a class=\"clase2\" href=\"https:\/\/comitesromero.org\/tarragona\/arnaldo2.htm\">Arnaldo Zenteno<\/a><\/td>\n<td valign=\"top\"><a class=\"clase3\" href=\"https:\/\/comitesromero.org\/tarragona\/arnaldo2.htm\">Proyecto Samaritanas &#8211; CEBS Nicaragua. Testimonio<\/a><\/td>\n<\/tr>\n<tr>\n<td valign=\"top\" width=\"170\" height=\"20\"><a class=\"clase2\" href=\"https:\/\/comitesromero.org\/tarragona\/dolors.htm\">Dolores G\u00f3mez<\/a><\/td>\n<td valign=\"top\"><a class=\"clase3\" href=\"https:\/\/comitesromero.org\/tarragona\/dolors.htm\">Estoy indignada, consternada, arrecha, furiosa &#8230;<\/a><\/td>\n<\/tr>\n<tr>\n<td valign=\"top\" width=\"170\" height=\"20\"><a class=\"clase2\" href=\"https:\/\/comitesromero.org\/tarragona\/arnaldo.htm\">Arnaldo Zenteno<\/a><\/td>\n<td valign=\"top\"><a class=\"clase3\" href=\"https:\/\/comitesromero.org\/tarragona\/arnaldo.htm\">Triunfo del frente: sentimientos, an\u00e0lisis i procupaciones<\/a><\/td>\n<\/tr>\n<\/tbody>\n<\/table>\n<h2><strong><a href=\"http:\/\/www.encuentroradio.co\/timetable\/event\/sicsal-una-vez-al-mes\/\">N<\/a><\/strong><strong><a href=\"http:\/\/www.encuentroradio.co\/timetable\/event\/sicsal-una-vez-al-mes\/\"><b>uestra tienda de Comercio Justo<\/b><\/a><\/strong><\/h2>\n<p><strong><span style=\"font-family: Verdana;\"><b>La \u00abPulperia\u00bb<\/b><\/span><\/strong><\/p>\n<table border=\"0\">\n<tbody>\n<tr>\n<td valign=\"top\" width=\"550\"><a class=\"clase2\">Tableta de Chocolate. Leche (100 grs)<\/a><\/td>\n<td valign=\"top\"><\/td>\n<\/tr>\n<tr>\n<td valign=\"top\" width=\"350\"><a class=\"clase2\">Tableta de Chocolate. Cacao (100 grs)<\/a><\/td>\n<td valign=\"top\"><\/td>\n<\/tr>\n<tr>\n<td valign=\"top\" width=\"550\"><a class=\"clase2\">Tableta de Chocolate. Naranja (100 grs)<\/a><\/td>\n<td valign=\"top\"><\/td>\n<\/tr>\n<tr>\n<td valign=\"top\" width=\"550\"><a class=\"clase2\">Caf\u00e9 de Nicaragua (Paquete de 250 grs)<\/a><\/td>\n<td valign=\"top\"><\/td>\n<\/tr>\n<tr>\n<td valign=\"top\" width=\"550\"><a class=\"clase2\">Caf\u00e9 ecol\u00f3gico natural (Paquete de 250 grs)<\/a><\/td>\n<td valign=\"top\"><\/td>\n<\/tr>\n<tr>\n<td valign=\"top\" width=\"550\"><a class=\"clase2\">Anacardos (Bolsa de 100 grs)<\/a><\/td>\n<td valign=\"top\"><\/td>\n<\/tr>\n<tr>\n<td valign=\"top\" width=\"550\"><a class=\"clase2\">Cacao org\u00e1nico (Paquete de 250 grs)<\/a><\/td>\n<td valign=\"top\"><\/td>\n<\/tr>\n<tr>\n<td valign=\"top\" width=\"550\"><a class=\"clase2\">Azucar de ca\u00f1a integral (Paquete de 1 Kgr.)<\/a><\/td>\n<\/tr>\n<\/tbody>\n<\/table>\n<p><img decoding=\"async\" src=\"https:\/\/comitesromero.org\/tarragona\/botiga\/xocolate.jpg\" height=\"93\" \/> <img decoding=\"async\" src=\"https:\/\/comitesromero.org\/tarragona\/botiga\/anacardos.jpg\" height=\"93\" \/> <img decoding=\"async\" src=\"https:\/\/comitesromero.org\/tarragona\/botiga\/azucar.jpg\" height=\"93\" \/><\/p>\n<p><img decoding=\"async\" src=\"https:\/\/comitesromero.org\/tarragona\/botiga\/cacao.jpg\" height=\"93\" \/>\u00a0 <img decoding=\"async\" src=\"https:\/\/comitesromero.org\/tarragona\/botiga\/cafe_eco.jpg\" height=\"93\" \/> <img decoding=\"async\" src=\"https:\/\/comitesromero.org\/tarragona\/botiga\/cafe.jpg\" height=\"93\" \/><\/p>\n<h2><strong><a href=\"http:\/\/www.encuentroradio.co\/timetable\/event\/sicsal-una-vez-al-mes\/\">Encuentro Radio<\/a><\/strong><\/h2>\n<p><strong>GU\u00cdA DE PROGRAMA<\/strong><\/p>\n<p>Nombre del programa: MUNDO SOLIDARIO<br \/>\nFecha: El programa se emite el tercer jueves de cada mes.<br \/>\nHora: 9:00 a.m. \u2013 10:30 a.m. hora de los andes 4:00 pm Europa.<br \/>\nTema: Regi\u00f3n Europa.<br \/>\nResponsable de realizaci\u00f3n en Europa: Jos\u00e9 Manuel MIra<br \/>\nEquipo de estudio: Amparo Beltr\u00e1n, Abilio Pe\u00f1a y Lizeth Prieto.<\/p>\n<p>Donde escuchar el <strong><a href=\"http:\/\/www.encuentroradio.co\/timetable\/event\/sicsal-una-vez-al-mes\/\">programa<\/a><\/strong><\/p>\n<p><a href=\"https:\/\/www.whatsapp.com\/\"><strong>Whatsaap<\/strong><\/a> de la emisora para participar: 57 305 7948038.<\/p>\n<p><em><strong>El jueves 20 de Junio de 2019 desde las 16:00 a las 17:30 hora escucharemos a varios integrantes del Comit\u00e9 de Solidaridad \u00d3scar Romero de Tarragona en el programa radial.<\/strong><\/em><\/p>\n","protected":false},"excerpt":{"rendered":"<p>Agenda Llatinoamericana Videoteca DVD&#8217;S de COR Tarragona El Comit\u00e9 Oscar Romero de Tarragona ha creado su propia videoteca de DVDs. Incluye temas relacionados con los pueblos de Am\u00e9rica Latina i la Solidaridad en general Pod\u00e9is ver la relaci\u00f3n de DVD&#8217;s por tem\u00e1tica clickando sobre los siguientes enlaces i pedir en pr\u00e9stamo a la secretar\u00eda de&hellip; <a href=\"https:\/\/comitesromero.org\/cortgn\/actividades\/\" class=\"more-link\">Seguir leyendo <span class=\"screen-reader-text\">Otras actividades<\/span><\/a><\/p>\n","protected":false},"author":1,"featured_media":0,"parent":0,"menu_order":0,"comment_status":"closed","ping_status":"closed","template":"","meta":{"footnotes":""},"class_list":["post-50","page","type-page","status-publish","hentry","without-featured-image"],"_links":{"self":[{"href":"https:\/\/comitesromero.org\/cortgn\/wp-json\/wp\/v2\/pages\/50","targetHints":{"allow":["GET"]}}],"collection":[{"href":"https:\/\/comitesromero.org\/cortgn\/wp-json\/wp\/v2\/pages"}],"about":[{"href":"https:\/\/comitesromero.org\/cortgn\/wp-json\/wp\/v2\/types\/page"}],"author":[{"embeddable":true,"href":"https:\/\/comitesromero.org\/cortgn\/wp-json\/wp\/v2\/users\/1"}],"replies":[{"embeddable":true,"href":"https:\/\/comitesromero.org\/cortgn\/wp-json\/wp\/v2\/comments?post=50"}],"version-history":[{"count":2,"href":"https:\/\/comitesromero.org\/cortgn\/wp-json\/wp\/v2\/pages\/50\/revisions"}],"predecessor-version":[{"id":729,"href":"https:\/\/comitesromero.org\/cortgn\/wp-json\/wp\/v2\/pages\/50\/revisions\/729"}],"wp:attachment":[{"href":"https:\/\/comitesromero.org\/cortgn\/wp-json\/wp\/v2\/media?parent=50"}],"curies":[{"name":"wp","href":"https:\/\/api.w.org\/{rel}","templated":true}]}}