{"id":52,"date":"2018-02-12T16:53:18","date_gmt":"2018-02-12T16:53:18","guid":{"rendered":"https:\/\/cortgn.wordpress.com\/?page_id=52"},"modified":"2018-02-12T16:53:18","modified_gmt":"2018-02-12T16:53:18","slug":"viajes-solidarios","status":"publish","type":"page","link":"https:\/\/comitesromero.org\/cortgn\/viajes-solidarios\/","title":{"rendered":"Viajes Solidarios"},"content":{"rendered":"<p><span style=\"color:#003300;font-family:Verdana;\"><b>VIATGES SOLIDARIS A AM\u00c8RICA LLATINA<\/b><\/span><\/p>\n<p align=\"justify\">-En els Comit\u00e8s treballem pels pobres i les persones que lluiten pels seus drets i el seu alliberament.<\/p>\n<p>-La nostre acci\u00f3 es centra en l&#8217;\u00e9sser hum\u00e0: en la defensa de la seva dignitat , cultura, llibertat i en donar resposta al crit dels oprimits i els exclosos.<\/p>\n<p>-Segur que has sentit a parlar del pa\u00efsos empobrits en alguna xerrada, a la televisi\u00f3, internet. \u00c9s f\u00e0cil que coneguis la seva realitat, per\u00f2 des de lluny dif\u00edcilment pots comprendre que suposa viure-la.<\/p>\n<p>-Nosaltres creiem en la lluita per canviar aquestes realitats injustes i pensem que con\u00e8ixer-les de prop i compartir, el dia a dia, amb la gent del sud \u00e9s un bon cam\u00ed, per entendre\u00b4ls, comprendre\u00b4ls, estimar-los i finalment solidaritzar-los i col.laborar en les seves causes.<\/p>\n<p>-T&#8217;oferim la possibilitat d&#8217;aprofitar les vacances d&#8217;una manera diferent. No t&#8217;oferim turisme. Et proposem una experi\u00e8ncia de vida solid\u00e0ria amb els empobrits de la terra.<\/p>\n<p><b>Els nostres objectius s\u00f3n:<\/b><br \/>\n-Veure qu\u00e8 fan<br \/>\n-Escoltar qu\u00e8 diuen<br \/>\n-Compartir la vida<br \/>\n-Aprendre un nou estil de vida des de l&#8217;esperan\u00e7a cristiana<\/p>\n<p><b>Per m\u00e9s informaci\u00f3,<\/b> us podeu dirigir:<br \/>\nComit\u00e8 de solidaritat \u00d2scar Romero de Tarragona i Reus<br \/>\nc. Gandesa 6, Torreforta. 43006 Tarragona<br \/>\nTels. 977-547339 ; 977 544328 &#8211; cortgn@gmail.com<br \/>\nwww.comitesromero.org\/tarragona<\/p>\n<p><img loading=\"lazy\" decoding=\"async\" class=\"\" src=\"https:\/\/comitesromero.org\/tarragona\/bailadora2.jpg\" width=\"149\" height=\"113\" \/> \u00a0 <img decoding=\"async\" src=\"https:\/\/comitesromero.org\/tarragona\/viatge.jpg\" height=\"93\" \/>\u00a0 <img decoding=\"async\" src=\"https:\/\/comitesromero.org\/tarragona\/bailadora1.jpg\" height=\"93\" \/><\/p>\n","protected":false},"excerpt":{"rendered":"<p>VIATGES SOLIDARIS A AM\u00c8RICA LLATINA -En els Comit\u00e8s treballem pels pobres i les persones que lluiten pels seus drets i el seu alliberament. -La nostre acci\u00f3 es centra en l&#8217;\u00e9sser hum\u00e0: en la defensa de la seva dignitat , cultura, llibertat i en donar resposta al crit dels oprimits i els exclosos. -Segur que has&hellip; <a href=\"https:\/\/comitesromero.org\/cortgn\/viajes-solidarios\/\" class=\"more-link\">Seguir leyendo <span class=\"screen-reader-text\">Viajes Solidarios<\/span><\/a><\/p>\n","protected":false},"author":1,"featured_media":0,"parent":0,"menu_order":0,"comment_status":"closed","ping_status":"closed","template":"","meta":{"footnotes":""},"class_list":["post-52","page","type-page","status-publish","hentry","without-featured-image"],"_links":{"self":[{"href":"https:\/\/comitesromero.org\/cortgn\/wp-json\/wp\/v2\/pages\/52","targetHints":{"allow":["GET"]}}],"collection":[{"href":"https:\/\/comitesromero.org\/cortgn\/wp-json\/wp\/v2\/pages"}],"about":[{"href":"https:\/\/comitesromero.org\/cortgn\/wp-json\/wp\/v2\/types\/page"}],"author":[{"embeddable":true,"href":"https:\/\/comitesromero.org\/cortgn\/wp-json\/wp\/v2\/users\/1"}],"replies":[{"embeddable":true,"href":"https:\/\/comitesromero.org\/cortgn\/wp-json\/wp\/v2\/comments?post=52"}],"version-history":[{"count":0,"href":"https:\/\/comitesromero.org\/cortgn\/wp-json\/wp\/v2\/pages\/52\/revisions"}],"wp:attachment":[{"href":"https:\/\/comitesromero.org\/cortgn\/wp-json\/wp\/v2\/media?parent=52"}],"curies":[{"name":"wp","href":"https:\/\/api.w.org\/{rel}","templated":true}]}}